{"id":24,"date":"2016-08-09T16:56:39","date_gmt":"2016-08-09T14:56:39","guid":{"rendered":"http:\/\/localhost\/wordpress\/?page_id=24"},"modified":"2018-05-25T16:57:37","modified_gmt":"2018-05-25T14:57:37","slug":"impressum","status":"publish","type":"page","link":"https:\/\/www.dietz-it.de\/wp\/impressum\/","title":{"rendered":"Impressum"},"content":{"rendered":"<p style=\"text-align: justify;\"><span style=\"text-decoration: underline;\">Angaben gem\u00e4\u00df \u00a7 5 TMG:<\/span><br \/>\ndietz-IT e.Kfm<br \/>\nB\u00e4derstra\u00dfe 5<br \/>\n72285 Pfalzgrafenweiler<\/p>\n<p style=\"text-align: justify;\"><span style=\"text-decoration: underline;\">Vertreten durch:<\/span><br \/>\nHartmut Dietz Dipl. Ing. (FH)<\/p>\n<p style=\"text-align: justify;\"><span style=\"text-decoration: underline;\">Registereintrag:<\/span><br \/>\nEintragung im Handelsregister<br \/>\nRegistergericht Amtsgericht Stuttgart<br \/>\nRegisternummer HRA 431156<\/p>\n<p style=\"text-align: justify;\"><span style=\"text-decoration: underline;\">Umsatzsteuer-ID:<\/span><br \/>\nUmsatzsteuer-Identifikationsnummer gem\u00e4\u00df \u00a727 a Umsatzsteuergesetz DE144240375<\/p>\n<p style=\"text-align: justify;\"><span style=\"text-decoration: underline;\">Kontakt:<\/span><br \/>\nTelefon\u00a0<span class=\"Apple-style-span\">(+49) 7445\/85814-0<\/span><br \/>\nFax:\u00a0<span class=\"Apple-style-span\">(+49) 7445\/85814-49<\/span><\/p>\n<p style=\"text-align: justify;\"><span style=\"text-decoration: underline;\">Verantwortlich f\u00fcr den Inhalt nach \u00a7 55 Abs. 2 RStV:<br \/>\n<\/span>Hartmut Dietz<\/p>\n<p style=\"text-align: justify;\">Quelle: Impressumgenerator, http:\/\/www.e-recht24.de<\/p>\n<p style=\"text-align: justify;\">Alle Informationen und Erkl\u00e4rungen dieser Internetseiten sind unverbindlich. Die dietz-IT e.Kfm. \u00fcbernimmt f\u00fcr die Richtigkeit und Vollst\u00e4ndigkeit der Inhalte keine Gew\u00e4hr. Es werden keine Garantie \u00fcbernommen und keine Zusicherung von Produkteigenschaften gemacht. Aus den Inhalten der Internetseiten ergeben sich keine Rechtsanspr\u00fcche. Fehler im Inhalt werden bei Kenntnis dar\u00fcber unverz\u00fcglich korrigiert. Die Inhalte der Internetseiten k\u00f6nnen durch zeitverz\u00f6gerte Aktualisierung nicht permanent aktuell sein. Bitte fragen Sie uns daherzu dem Stand, technischen Details und Lieferbarkeit der Produkte und Dienstleistungen. Links auf andere Internetseiten werden nicht permanent kontrolliert. Somit \u00fcbernehmen wir keine Verantwortung f\u00fcr den Inhalt verlinkter Seiten.<\/p>\n<p style=\"text-align: justify;\"><span style=\"text-decoration: underline;\">Herunterladen von Daten und Software:<\/span><br \/>\nDie dietz-IT e.Kfm. \u00fcbernimmt keine Gew\u00e4hr f\u00fcr die Fehlerfreiheit von Daten und Software, die von den Internetseiten heruntergeladen werden k\u00f6nnen. Die Software wird von der dietz-IT e.Kfm. auf Virenbefall \u00fcberpr\u00fcft. Wir empfehlen dennoch, Daten und Software nach dem Herunterladen auf Virenbefall mit jeweils neuster Virensuchsoftware zu pr\u00fcfen.<\/p>\n<p style=\"text-align: justify;\"><span style=\"text-decoration: underline;\">Urheberrechte und sonstige Sonderschutzrechte:<br \/>\n<\/span>Der Inhalt dieser Internetseiten ist urheberrechtlich gesch\u00fctzt. Es darf eine Kopie der Informationen der Internetseiten auf einem einzigen Computer f\u00fcr den nicht-kommerziellen und pers\u00f6nlichen internen Gebrauch gespeichert werden. Grafiken, Texte, Logos, Bilder usw. d\u00fcrfen nur nach schriftlicher Genehmigung durch die dietz-IT e.Kfm. heruntergeladen, vervielf\u00e4ltigt, kopiert, ge\u00e4ndert, ver\u00f6ffentlicht, versendet, \u00fcbertragen oder in sonstiger Form genutzt werden. Bei genannten Produkt- und Firmennamen kann es sich um eingetragene Warenzeichen oder Marken handeln. Die unberechtigte Verwendung kann zu Schadensersatzanspr\u00fcchen und Unterlassungsanspr\u00fcchen f\u00fchren.<\/p>\n<p style=\"text-align: justify;\"><span style=\"text-decoration: underline;\">Haftung:<\/span><br \/>\nDie dietz-IT e.Kfm. haftet nicht f\u00fcr Sch\u00e4den insbesondere nicht f\u00fcr unmittelbare oder mittelbare Folgesch\u00e4den, Datenverlust, entgangenen Gewinn, System- oder Produktionsausf\u00e4lle, die durch die Nutzung dieser Internetseiten oder das Herunterladen von Daten entstehen. Liegt bei einem entstandenen Schaden durch die Nutzung der Internetseiten oder das Herunterladen von Daten Vorsatz oder grobe Fahrl\u00e4ssigkeit vor, gilt der Haftungsausschlu\u00df nicht. Die durch die Nutzung der Internetseiten entstandene Rechtsbeziehung zwischen Ihnen und der dietz-IT e.Kfm. unterliegt dem Recht der Bundesrepublik Deutschland. Bei Rechtsstreitigkeiten mit Vollkaufleuten, die aus der Nutzung dieser Internetseiten resultieren, ist der Gerichtsstand der Sitz der dietz-IT e.Kfm. in Pfalzgrafenweiler.<\/p>\n<p style=\"text-align: justify;\">\n<span style=\"text-decoration: underline;\">Werbung:<\/span><br \/>\nDie Webseiten der dietz-IT e.Kfm. enthalten im Regelfall keine Werbefl\u00e4chen. Im gegenteiligen Fall erfolgt die Auslieferung der Werbung \u00fcber externe AdServer. Die im Zusammenhang mit Onlinewerbung erfassten Daten (AdImpressions, AdKlicks) dienen ausschlie\u00dflich der statistischen Auswertung und zur Erstellung von Reportings an Werbekunden. Dabei werden keine personenbezogenen Daten verwendet.<br \/>\nBei der Auslieferung von Werbung k\u00f6nnen m\u00f6glicherweise Cookies zum Einsatz kommen, ohne dass die dietz-IT e.Kfm. hierauf Einfluss hat.<\/p>\n<p style=\"text-align: justify;\">\n","protected":false},"excerpt":{"rendered":"<p>Angaben gem\u00e4\u00df \u00a7 5 TMG: dietz-IT e.Kfm B\u00e4derstra\u00dfe 5 72285 Pfalzgrafenweiler Vertreten durch: Hartmut Dietz Dipl. Ing. (FH) Registereintrag: Eintragung im Handelsregister Registergericht Amtsgericht Stuttgart Registernummer HRA 431156 Umsatzsteuer-ID: Umsatzsteuer-Identifikationsnummer gem\u00e4\u00df \u00a727 a Umsatzsteuergesetz DE144240375 Kontakt: Telefon\u00a0(+49) 7445\/85814-0 Fax:\u00a0(+49) 7445\/85814-49 Verantwortlich f\u00fcr den Inhalt nach \u00a7 55 Abs. 2 RStV: Hartmut Dietz Quelle: Impressumgenerator, http:\/\/www.e-recht24.de [&hellip;]<\/p>\n","protected":false},"author":1,"featured_media":0,"parent":0,"menu_order":0,"comment_status":"closed","ping_status":"closed","template":"","meta":{"_mi_skip_tracking":false,"jetpack_post_was_ever_published":false},"aioseo_notices":[],"jetpack_sharing_enabled":true,"jetpack_shortlink":"https:\/\/wp.me\/P7SgVa-o","_links":{"self":[{"href":"https:\/\/www.dietz-it.de\/wp\/wp-json\/wp\/v2\/pages\/24"}],"collection":[{"href":"https:\/\/www.dietz-it.de\/wp\/wp-json\/wp\/v2\/pages"}],"about":[{"href":"https:\/\/www.dietz-it.de\/wp\/wp-json\/wp\/v2\/types\/page"}],"author":[{"embeddable":true,"href":"https:\/\/www.dietz-it.de\/wp\/wp-json\/wp\/v2\/users\/1"}],"replies":[{"embeddable":true,"href":"https:\/\/www.dietz-it.de\/wp\/wp-json\/wp\/v2\/comments?post=24"}],"version-history":[{"count":28,"href":"https:\/\/www.dietz-it.de\/wp\/wp-json\/wp\/v2\/pages\/24\/revisions"}],"predecessor-version":[{"id":814,"href":"https:\/\/www.dietz-it.de\/wp\/wp-json\/wp\/v2\/pages\/24\/revisions\/814"}],"wp:attachment":[{"href":"https:\/\/www.dietz-it.de\/wp\/wp-json\/wp\/v2\/media?parent=24"}],"curies":[{"name":"wp","href":"https:\/\/api.w.org\/{rel}","templated":true}]}}