{"id":207,"date":"2016-08-16T14:27:50","date_gmt":"2016-08-16T12:27:50","guid":{"rendered":"http:\/\/localhost\/wordpress\/?page_id=207"},"modified":"2016-08-23T10:28:07","modified_gmt":"2016-08-23T08:28:07","slug":"beratung","status":"publish","type":"page","link":"https:\/\/www.dietz-it.de\/wp\/beratung\/","title":{"rendered":"Beratung"},"content":{"rendered":"<p style=\"text-align: justify;\">Die heutige Technik bietet grenzenlose M\u00f6glichkeiten, die wir f\u00fcr Sie herausfiltern, um Ihren Anforderungen gerecht zu werden. Damit alles aufeinander optimal abgestimmt ist, beraten wir Sie und erkl\u00e4ren Ihnen von Grund auf alle Vor- und Nachteile die Sie wissen m\u00fcssen.<br \/>\nEin Grundstein kann nur gesetzt werden, wenn das Fundament aus Vertrauen und Verst\u00e4ndnis ineinandergreift.<\/p>\n<p style=\"text-align: justify;\">Sie ben\u00f6tigen Hilfestellung zu einer neuen Technik, einen Ratschlag oder fangen sogar erst gerade an im Thema IT? Wir nehmen uns Zeit f\u00fcr Sie. Wir beraten und schulen Sie.<\/p>\n<p style=\"text-align: justify;\">Wir sehen uns als Betreungsanbieter in der IT-Technik und nicht als Verk\u00e4ufer von Hard- und Software. Die meisten Ger\u00e4te im Elektronik-Fachmarkt oder bei Online-Versandh\u00e4ndlern weisen Ihnen die Grenzen derer Leistung schnell auf und Sie bleiben auf dem Ger\u00e4t liegen. In den schlimmsten F\u00e4llen finden Sie keine Anleitung zu Ihrem Ger\u00e4t und m\u00fcssen es sich m\u00fchsam aus dem Internet zusammenkratzen oder probieren bis es funktioniert (oder auch nicht). Diese Frustration und verlorene Zeit k\u00f6nnen wir Ihnen nehmen. Wir sagen Ihnen, was machbar und was sinnvoll ist.<\/p>\n","protected":false},"excerpt":{"rendered":"<p>Die heutige Technik bietet grenzenlose M\u00f6glichkeiten, die wir f\u00fcr Sie herausfiltern, um Ihren Anforderungen gerecht zu werden. Damit alles aufeinander optimal abgestimmt ist, beraten wir Sie und erkl\u00e4ren Ihnen von Grund auf alle Vor- und Nachteile die Sie wissen m\u00fcssen. Ein Grundstein kann nur gesetzt werden, wenn das Fundament aus Vertrauen und Verst\u00e4ndnis ineinandergreift. Sie [&hellip;]<\/p>\n","protected":false},"author":1,"featured_media":0,"parent":0,"menu_order":0,"comment_status":"closed","ping_status":"closed","template":"","meta":{"_mi_skip_tracking":false,"jetpack_post_was_ever_published":false},"aioseo_notices":[],"jetpack_sharing_enabled":true,"jetpack_shortlink":"https:\/\/wp.me\/P7SgVa-3l","_links":{"self":[{"href":"https:\/\/www.dietz-it.de\/wp\/wp-json\/wp\/v2\/pages\/207"}],"collection":[{"href":"https:\/\/www.dietz-it.de\/wp\/wp-json\/wp\/v2\/pages"}],"about":[{"href":"https:\/\/www.dietz-it.de\/wp\/wp-json\/wp\/v2\/types\/page"}],"author":[{"embeddable":true,"href":"https:\/\/www.dietz-it.de\/wp\/wp-json\/wp\/v2\/users\/1"}],"replies":[{"embeddable":true,"href":"https:\/\/www.dietz-it.de\/wp\/wp-json\/wp\/v2\/comments?post=207"}],"version-history":[{"count":11,"href":"https:\/\/www.dietz-it.de\/wp\/wp-json\/wp\/v2\/pages\/207\/revisions"}],"predecessor-version":[{"id":405,"href":"https:\/\/www.dietz-it.de\/wp\/wp-json\/wp\/v2\/pages\/207\/revisions\/405"}],"wp:attachment":[{"href":"https:\/\/www.dietz-it.de\/wp\/wp-json\/wp\/v2\/media?parent=207"}],"curies":[{"name":"wp","href":"https:\/\/api.w.org\/{rel}","templated":true}]}}